{"id":1204,"date":"2024-02-01T08:06:17","date_gmt":"2024-02-01T08:06:17","guid":{"rendered":"https:\/\/dev1102.vintes24.xyz\/?page_id=1204"},"modified":"2024-04-30T16:59:06","modified_gmt":"2024-04-30T15:59:06","slug":"disclaimer","status":"publish","type":"page","link":"https:\/\/dev1102.vintes24.xyz\/de\/disclaimer\/","title":{"rendered":"Legal Disclaimer"},"content":{"rendered":"<div data-elementor-type=\"wp-page\" data-elementor-id=\"1204\" class=\"elementor elementor-1204\" data-elementor-post-type=\"page\">\n\t\t\t\t<div class=\"elementor-element elementor-element-617b82b1 e-flex e-con-boxed e-con e-parent\" data-id=\"617b82b1\" data-element_type=\"container\" data-settings=\"{&quot;background_background&quot;:&quot;gradient&quot;}\">\n\t\t\t\t\t<div class=\"e-con-inner\">\n\t\t\t\t\t<\/div>\n\t\t\t\t<\/div>\n\t\t<div class=\"elementor-element elementor-element-704e0745 content-area e-flex e-con-boxed e-con e-parent\" data-id=\"704e0745\" data-element_type=\"container\">\n\t\t\t\t\t<div class=\"e-con-inner\">\n\t\t\t\t<div class=\"elementor-element elementor-element-4e60fca1 elementor-widget elementor-widget-heading\" data-id=\"4e60fca1\" data-element_type=\"widget\" data-no-translation=\"\" data-widget_type=\"heading.default\">\n\t\t\t\t<div class=\"elementor-widget-container\">\n\t\t\t\t\t<style>.elementor-element-4e60fca1{display:none !important}<\/style>\t\t\t\t<\/div>\n\t\t\t\t<\/div>\n\t\t\t\t<div class=\"elementor-element elementor-element-ad7bfd7 elementor-widget elementor-widget-heading\" data-id=\"ad7bfd7\" data-element_type=\"widget\" data-no-translation=\"\" data-widget_type=\"heading.default\">\n\t\t\t\t<div class=\"elementor-widget-container\">\n\t\t\t\t\t<h2 class=\"elementor-heading-title elementor-size-default\">Informationen<\/h2>\t\t\t\t<\/div>\n\t\t\t\t<\/div>\n\t\t\t\t<div class=\"elementor-element elementor-element-1f2b7713 elementor-widget elementor-widget-text-editor\" data-id=\"1f2b7713\" data-element_type=\"widget\" data-no-translation=\"\" data-widget_type=\"text-editor.default\">\n\t\t\t\t<div class=\"elementor-widget-container\">\n\t\t\t\t\t<style>.elementor-element-1f2b7713{display:none !important}<\/style>\t\t\t\t<\/div>\n\t\t\t\t<\/div>\n\t\t\t\t<div class=\"elementor-element elementor-element-0b4add9 elementor-widget elementor-widget-text-editor\" data-id=\"0b4add9\" data-element_type=\"widget\" data-no-translation=\"\" data-widget_type=\"text-editor.default\">\n\t\t\t\t<div class=\"elementor-widget-container\">\n\t\t\t\t\t\t\t\t\t<p>Tropeainvest Ltd (&#8220;TINV&#8221;) ist eine private Gesellschaft mit beschr\u00e4nkter Haftung, eingetragen in England und Wales unter der Firmennummer 15375977. Unser Gesch\u00e4ftssitz: 3. Etage, 45 Albemarle Street, Mayfair, London, W1S 4JL, Vereinigtes K\u00f6nigreich.<\/p>\t\t\t\t\t\t\t\t<\/div>\n\t\t\t\t<\/div>\n\t\t\t\t<div class=\"elementor-element elementor-element-2bc1ad4b elementor-widget elementor-widget-heading\" data-id=\"2bc1ad4b\" data-element_type=\"widget\" data-no-translation=\"\" data-widget_type=\"heading.default\">\n\t\t\t\t<div class=\"elementor-widget-container\">\n\t\t\t\t\t<style>.elementor-element-2bc1ad4b{display:none !important}<\/style>\t\t\t\t<\/div>\n\t\t\t\t<\/div>\n\t\t\t\t<div class=\"elementor-element elementor-element-26e1403 elementor-widget elementor-widget-heading\" data-id=\"26e1403\" data-element_type=\"widget\" data-no-translation=\"\" data-widget_type=\"heading.default\">\n\t\t\t\t<div class=\"elementor-widget-container\">\n\t\t\t\t\t<h2 class=\"elementor-heading-title elementor-size-default\">Nutzung dieser Website<\/h2>\t\t\t\t<\/div>\n\t\t\t\t<\/div>\n\t\t\t\t<div class=\"elementor-element elementor-element-12b0ea98 elementor-widget elementor-widget-text-editor\" data-id=\"12b0ea98\" data-element_type=\"widget\" data-no-translation=\"\" data-widget_type=\"text-editor.default\">\n\t\t\t\t<div class=\"elementor-widget-container\">\n\t\t\t\t\t<style>.elementor-element-12b0ea98{display:none !important}<\/style>\t\t\t\t<\/div>\n\t\t\t\t<\/div>\n\t\t\t\t<div class=\"elementor-element elementor-element-dbb6569 elementor-widget elementor-widget-text-editor\" data-id=\"dbb6569\" data-element_type=\"widget\" data-no-translation=\"\" data-widget_type=\"text-editor.default\">\n\t\t\t\t<div class=\"elementor-widget-container\">\n\t\t\t\t\t\t\t\t\t<p>Die Nutzung dieser Website unterliegt diesen Gesch\u00e4ftsbedingungen. Die bereitgestellten Informationen sind nur f\u00fcr den pers\u00f6nlichen Gebrauch. Unsere Urheberrechte gelten. Benutzer d\u00fcrfen keine Informationen reproduzieren, modifizieren, kopieren, in irgendeiner Weise ver\u00e4ndern, verteilen, verkaufen, \u00fcbertragen, lizenzieren oder ver\u00f6ffentlichen, die von dieser Website erhalten wurden. Benutzer d\u00fcrfen die bereitgestellten Informationen nicht f\u00fcr andere Zwecke verwenden, die rechtswidrig sind. Es gelten lokale Gesetze und Regulierungen.<\/p>\t\t\t\t\t\t\t\t<\/div>\n\t\t\t\t<\/div>\n\t\t\t\t<div class=\"elementor-element elementor-element-572d1565 elementor-widget elementor-widget-heading\" data-id=\"572d1565\" data-element_type=\"widget\" data-no-translation=\"\" data-widget_type=\"heading.default\">\n\t\t\t\t<div class=\"elementor-widget-container\">\n\t\t\t\t\t<style>.elementor-element-572d1565{display:none !important}<\/style>\t\t\t\t<\/div>\n\t\t\t\t<\/div>\n\t\t\t\t<div class=\"elementor-element elementor-element-9aaa54e elementor-widget elementor-widget-heading\" data-id=\"9aaa54e\" data-element_type=\"widget\" data-no-translation=\"\" data-widget_type=\"heading.default\">\n\t\t\t\t<div class=\"elementor-widget-container\">\n\t\t\t\t\t<h2 class=\"elementor-heading-title elementor-size-default\">Die Art der bereitgestellten Informationen<\/h2>\t\t\t\t<\/div>\n\t\t\t\t<\/div>\n\t\t\t\t<div class=\"elementor-element elementor-element-4241407b elementor-widget elementor-widget-text-editor\" data-id=\"4241407b\" data-element_type=\"widget\" data-no-translation=\"\" data-widget_type=\"text-editor.default\">\n\t\t\t\t<div class=\"elementor-widget-container\">\n\t\t\t\t\t<style>.elementor-element-4241407b{display:none !important}<\/style>\t\t\t\t<\/div>\n\t\t\t\t<\/div>\n\t\t\t\t<div class=\"elementor-element elementor-element-7fe9bbd elementor-widget elementor-widget-text-editor\" data-id=\"7fe9bbd\" data-element_type=\"widget\" data-no-translation=\"\" data-widget_type=\"text-editor.default\">\n\t\t\t\t<div class=\"elementor-widget-container\">\n\t\t\t\t\t\t\t\t\t<p>Die bereitgestellten Informationen stellen kein Angebot zum Verkauf oder zur Aufforderung zum Kauf von Finanzinstrumenten dar. F\u00fcr spezifische Investitionen geltenden die jeweiligen vertraglichen Bedingungen.<\/p><p>Obwohl die Informationen auf dieser Website in gutem Glauben gegeben wurden und Anstrengungen unternommen wurden, um deren Richtigkeit sicherzustellen, kann keine Garantie oder Haftung f\u00fcr die Richtigkeit der bereitgestellten Informationen \u00fcbernommen werden. Jede Analyse auf dieser Website basiert auf einer Reihe von Annahmen. \u00c4nderungen in solchen Annahmen k\u00f6nnten wesentlich unterschiedliche Ergebnisse hervorbringen. Historische Renditen sind keine Garantie f\u00fcr zuk\u00fcnftige Renditen. Alle Meinungen, Prognosen und Sch\u00e4tzungen stellen pers\u00f6nliche Meinungen des Autors. TINV \u00fcbernimmt keine Verantwortung zur Aktualisierung dieser Website, deren Ansichten, Prognosen, Sch\u00e4tzungen oder Meinungen. \u00c4nderungen sind vorbehalten.<\/p><p>Diese Website kann Links zu Websites Dritter enthalten. TINV ist nicht verantwortlich f\u00fcr Inhalte Dritter. In keinem Fall haftet TINV f\u00fcr Verluste oder Sch\u00e4den (ob direkt, indirekt, Folge-, oder sonstige), die im Zusammenhang mit der Nutzung dieser Website entstehen.<\/p>\t\t\t\t\t\t\t\t<\/div>\n\t\t\t\t<\/div>\n\t\t\t\t<div class=\"elementor-element elementor-element-6bd76d1a elementor-widget elementor-widget-heading\" data-id=\"6bd76d1a\" data-element_type=\"widget\" data-no-translation=\"\" data-widget_type=\"heading.default\">\n\t\t\t\t<div class=\"elementor-widget-container\">\n\t\t\t\t\t<style>.elementor-element-6bd76d1a{display:none !important}<\/style>\t\t\t\t<\/div>\n\t\t\t\t<\/div>\n\t\t\t\t<div class=\"elementor-element elementor-element-18ced7f elementor-widget elementor-widget-heading\" data-id=\"18ced7f\" data-element_type=\"widget\" data-no-translation=\"\" data-widget_type=\"heading.default\">\n\t\t\t\t<div class=\"elementor-widget-container\">\n\t\t\t\t\t<h2 class=\"elementor-heading-title elementor-size-default\">Inhalt und Betrieb dieser Website<\/h2>\t\t\t\t<\/div>\n\t\t\t\t<\/div>\n\t\t\t\t<div class=\"elementor-element elementor-element-31d7a6d7 elementor-widget elementor-widget-text-editor\" data-id=\"31d7a6d7\" data-element_type=\"widget\" data-no-translation=\"\" data-widget_type=\"text-editor.default\">\n\t\t\t\t<div class=\"elementor-widget-container\">\n\t\t\t\t\t<style>.elementor-element-31d7a6d7{display:none !important}<\/style>\t\t\t\t<\/div>\n\t\t\t\t<\/div>\n\t\t\t\t<div class=\"elementor-element elementor-element-5acd1dc elementor-widget elementor-widget-text-editor\" data-id=\"5acd1dc\" data-element_type=\"widget\" data-no-translation=\"\" data-widget_type=\"text-editor.default\">\n\t\t\t\t<div class=\"elementor-widget-container\">\n\t\t\t\t\t\t\t\t\t<p>Die auf dieser Website enthaltenen Informationen k\u00f6nnen ohne Benachrichtigung ge\u00e4ndert werden. TINV kann nicht sicherstellen, dass die Informationen auf dieser Website aktuell sind. TINV kann auch aus beliebigen Gr\u00fcnden oder ohne Grund bestimmte Funktionen und Dienste einschr\u00e4nken oder Ihren Zugriff auf Teile dieser Website ohne einschr\u00e4nken. Die E-Commerce-Richtlinie (00\/31\/EG), soweit gesetzlich zul\u00e4ssig, findet keine Anwendung.<\/p>\t\t\t\t\t\t\t\t<\/div>\n\t\t\t\t<\/div>\n\t\t\t\t<div class=\"elementor-element elementor-element-17b3ed4 elementor-widget elementor-widget-heading\" data-id=\"17b3ed4\" data-element_type=\"widget\" data-no-translation=\"\" data-widget_type=\"heading.default\">\n\t\t\t\t<div class=\"elementor-widget-container\">\n\t\t\t\t\t<style>.elementor-element-17b3ed4{display:none !important}<\/style>\t\t\t\t<\/div>\n\t\t\t\t<\/div>\n\t\t\t\t<div class=\"elementor-element elementor-element-e34c525 elementor-widget elementor-widget-heading\" data-id=\"e34c525\" data-element_type=\"widget\" data-no-translation=\"\" data-widget_type=\"heading.default\">\n\t\t\t\t<div class=\"elementor-widget-container\">\n\t\t\t\t\t<h2 class=\"elementor-heading-title elementor-size-default\">Vorgesehene Empf\u00e4nger<\/h2>\t\t\t\t<\/div>\n\t\t\t\t<\/div>\n\t\t\t\t<div class=\"elementor-element elementor-element-315034d2 elementor-widget elementor-widget-text-editor\" data-id=\"315034d2\" data-element_type=\"widget\" data-no-translation=\"\" data-widget_type=\"text-editor.default\">\n\t\t\t\t<div class=\"elementor-widget-container\">\n\t\t\t\t\t<style>.elementor-element-315034d2{display:none !important}<\/style>\t\t\t\t<\/div>\n\t\t\t\t<\/div>\n\t\t\t\t<div class=\"elementor-element elementor-element-71da33a elementor-widget elementor-widget-text-editor\" data-id=\"71da33a\" data-element_type=\"widget\" data-no-translation=\"\" data-widget_type=\"text-editor.default\">\n\t\t\t\t<div class=\"elementor-widget-container\">\n\t\t\t\t\t\t\t\t\t<p>Diese Website richtet sich ausschlie\u00dflich an professionelle Investoren und Nutzer, deren Zugang nicht per Gesetz oder Regulatorien beschr\u00e4nkt ist.<\/p><p>In Gro\u00dfbritannien richtet sich diese Website nur an Personen, die: (i) Professionelle Investoren im Sinne von Artikel 19 des Financial Services and Markets Act 2000 (Financial Promotion) Order 2005 (der &#8220;FP Order&#8221;) sind; oder (ii) verm\u00f6gende Unternehmen und bestimmte andere Einrichtungen, die in Artikel 49 des FP Order fallen (zusammen die &#8220;relevanten Personen&#8221;). Die Informationen auf dieser Website d\u00fcrfen nicht von Personen verwendet werden, die keine relevanten Personen sind.<\/p>\t\t\t\t\t\t\t\t<\/div>\n\t\t\t\t<\/div>\n\t\t\t\t<div class=\"elementor-element elementor-element-340fbf00 elementor-widget elementor-widget-heading\" data-id=\"340fbf00\" data-element_type=\"widget\" data-no-translation=\"\" data-widget_type=\"heading.default\">\n\t\t\t\t<div class=\"elementor-widget-container\">\n\t\t\t\t\t<style>.elementor-element-340fbf00{display:none !important}<\/style>\t\t\t\t<\/div>\n\t\t\t\t<\/div>\n\t\t\t\t<div class=\"elementor-element elementor-element-3315476 elementor-widget elementor-widget-heading\" data-id=\"3315476\" data-element_type=\"widget\" data-no-translation=\"\" data-widget_type=\"heading.default\">\n\t\t\t\t<div class=\"elementor-widget-container\">\n\t\t\t\t\t<h2 class=\"elementor-heading-title elementor-size-default\">Keine Beratung<\/h2>\t\t\t\t<\/div>\n\t\t\t\t<\/div>\n\t\t\t\t<div class=\"elementor-element elementor-element-54617c97 elementor-widget elementor-widget-text-editor\" data-id=\"54617c97\" data-element_type=\"widget\" data-no-translation=\"\" data-widget_type=\"text-editor.default\">\n\t\t\t\t<div class=\"elementor-widget-container\">\n\t\t\t\t\t<style>.elementor-element-54617c97{display:none !important}<\/style>\t\t\t\t<\/div>\n\t\t\t\t<\/div>\n\t\t\t\t<div class=\"elementor-element elementor-element-5cde92d elementor-widget elementor-widget-text-editor\" data-id=\"5cde92d\" data-element_type=\"widget\" data-no-translation=\"\" data-widget_type=\"text-editor.default\">\n\t\t\t\t<div class=\"elementor-widget-container\">\n\t\t\t\t\t\t\t\t\t<p>TINV handelt nicht ihm Auftrag von Nutzern und ist nicht beratend t\u00e4tig. Der Inhalt dieser Website ber\u00fccksichtigt nicht die individuellen Anlageziele, die finanzielle Situation oder andere spezifischen Bed\u00fcrfnisse einzelner Anleger. Nichts auf dieser Website stellt Anlage-, Rechts-, Steuer- oder sonstige Beratung dar.<\/p>\t\t\t\t\t\t\t\t<\/div>\n\t\t\t\t<\/div>\n\t\t\t\t<div class=\"elementor-element elementor-element-1a4f4fa8 elementor-widget elementor-widget-heading\" data-id=\"1a4f4fa8\" data-element_type=\"widget\" data-no-translation=\"\" data-widget_type=\"heading.default\">\n\t\t\t\t<div class=\"elementor-widget-container\">\n\t\t\t\t\t<style>.elementor-element-1a4f4fa8{display:none !important}<\/style>\t\t\t\t<\/div>\n\t\t\t\t<\/div>\n\t\t\t\t<div class=\"elementor-element elementor-element-a44238f elementor-widget elementor-widget-heading\" data-id=\"a44238f\" data-element_type=\"widget\" data-no-translation=\"\" data-widget_type=\"heading.default\">\n\t\t\t\t<div class=\"elementor-widget-container\">\n\t\t\t\t\t<h2 class=\"elementor-heading-title elementor-size-default\">Risiken<\/h2>\t\t\t\t<\/div>\n\t\t\t\t<\/div>\n\t\t\t\t<div class=\"elementor-element elementor-element-2c534743 elementor-widget elementor-widget-text-editor\" data-id=\"2c534743\" data-element_type=\"widget\" data-no-translation=\"\" data-widget_type=\"text-editor.default\">\n\t\t\t\t<div class=\"elementor-widget-container\">\n\t\t\t\t\t<style>.elementor-element-2c534743{display:none !important}<\/style>\t\t\t\t<\/div>\n\t\t\t\t<\/div>\n\t\t\t\t<div class=\"elementor-element elementor-element-5dac29c elementor-widget elementor-widget-text-editor\" data-id=\"5dac29c\" data-element_type=\"widget\" data-no-translation=\"\" data-widget_type=\"text-editor.default\">\n\t\t\t\t<div class=\"elementor-widget-container\">\n\t\t\t\t\t\t\t\t\t<p>Investitionen und Anlageformen auf die sich TINV konzentriert, sind mit \u00a0Risiken verbunden. Dazu z\u00e4hlen der m\u00f6gliche Verlust des gesamten investierten Kapitals. Bestimmte Investitionen sind komplex und sind mit erheblichen Risiken verbunden und folglich nicht f\u00fcr alle Anleger geeignet. Anleger sind dazu angehalten Steuer-, Finanz-, Rechts- oder andere Fragen mit ihren jeweiligen unabh\u00e4ngigen Beratern zu kl\u00e4ren, TINV bietet derzeit kein Anlageprodukt oder -konto an.<\/p><p>Der Wert von Investitionen kann sowohl sinken als auch steigen. Das eingesetzte Kapital kann durch Geb\u00fchren, Provisionen, \u00c4nderungen der Devisen- und Zinss\u00e4tze und andere Faktoren beeintr\u00e4chtigt werden. Anleger erhalten m\u00f6glicherweise nicht den gesamten urspr\u00fcnglichen Betrag Ihrer Investition zur\u00fcck.<\/p><p>Historische Gewinne sind kein zuverl\u00e4ssiger Indikator f\u00fcr zuk\u00fcnftige Gewinne.<\/p>\t\t\t\t\t\t\t\t<\/div>\n\t\t\t\t<\/div>\n\t\t\t\t<div class=\"elementor-element elementor-element-d68707f elementor-widget elementor-widget-heading\" data-id=\"d68707f\" data-element_type=\"widget\" data-no-translation=\"\" data-widget_type=\"heading.default\">\n\t\t\t\t<div class=\"elementor-widget-container\">\n\t\t\t\t\t<h2 class=\"elementor-heading-title elementor-size-default\">Weitere Vereinbarungen<\/h2>\t\t\t\t<\/div>\n\t\t\t\t<\/div>\n\t\t\t\t<div class=\"elementor-element elementor-element-a68b863 elementor-widget elementor-widget-text-editor\" data-id=\"a68b863\" data-element_type=\"widget\" data-no-translation=\"\" data-widget_type=\"text-editor.default\">\n\t\t\t\t<div class=\"elementor-widget-container\">\n\t\t\t\t\t\t\t\t\t<p>Diese Gesch\u00e4fts- und Nutzungsbedingungen und alle Streitigkeiten oder Anspr\u00fcche, die sich aus oder im Zusammenhang mit diesen Gesch\u00e4fts- und Nutzungsbedingungen ergeben (ob vertraglich oder au\u00dfervertraglich), unterliegen dem englischen Recht und sind nach diesem auszulegen. Alle Streitigkeiten, die aus oder im Zusammenhang mit diesen Gesch\u00e4ftsbedingungen entstehen (ob vertraglich oder au\u00dfervertraglich), unterliegen der ausschlie\u00dflichen Gerichtsbarkeit der englischen Gerichte.<br \/><br \/>Wenn Sie spezifische Fragen zu diesen Gesch\u00e4ftsbedingungen haben, einschlie\u00dflich der Verwendung personenbezogener Daten, kontaktieren Sie uns bitte schriftlich oder per E-Mail unter: <a href=\"mailto:backoffice@Tropeaam.com\">backoffice@Tropeaam.com<\/a>.<\/p>\t\t\t\t\t\t\t\t<\/div>\n\t\t\t\t<\/div>\n\t\t\t\t\t<\/div>\n\t\t\t\t<\/div>\n\t\t\t\t<\/div>","protected":false},"excerpt":{"rendered":"<p>Information about us Tropeainvest Ltd (\u201cTINV\u201d) is a private limited Company registered in England and Wales under company number 15375977. [&hellip;]<\/p>","protected":false},"author":2,"featured_media":0,"parent":0,"menu_order":0,"comment_status":"closed","ping_status":"closed","template":"","meta":{"_acf_changed":false,"site-sidebar-layout":"no-sidebar","site-content-layout":"","ast-site-content-layout":"full-width-container","site-content-style":"default","site-sidebar-style":"default","ast-global-header-display":"","ast-banner-title-visibility":"","ast-main-header-display":"","ast-hfb-above-header-display":"","ast-hfb-below-header-display":"","ast-hfb-mobile-header-display":"","site-post-title":"disabled","ast-breadcrumbs-content":"","ast-featured-img":"disabled","footer-sml-layout":"","theme-transparent-header-meta":"","adv-header-id-meta":"","stick-header-meta":"","header-above-stick-meta":"","header-main-stick-meta":"","header-below-stick-meta":"","astra-migrate-meta-layouts":"default","ast-page-background-enabled":"default","ast-page-background-meta":{"desktop":{"background-color":"var(--ast-global-color-4)","background-image":"","background-repeat":"repeat","background-position":"center center","background-size":"auto","background-attachment":"scroll","background-type":"","background-media":"","overlay-type":"","overlay-color":"","overlay-gradient":""},"tablet":{"background-color":"","background-image":"","background-repeat":"repeat","background-position":"center center","background-size":"auto","background-attachment":"scroll","background-type":"","background-media":"","overlay-type":"","overlay-color":"","overlay-gradient":""},"mobile":{"background-color":"","background-image":"","background-repeat":"repeat","background-position":"center center","background-size":"auto","background-attachment":"scroll","background-type":"","background-media":"","overlay-type":"","overlay-color":"","overlay-gradient":""}},"ast-content-background-meta":{"desktop":{"background-color":"var(--ast-global-color-5)","background-image":"","background-repeat":"repeat","background-position":"center center","background-size":"auto","background-attachment":"scroll","background-type":"","background-media":"","overlay-type":"","overlay-color":"","overlay-gradient":""},"tablet":{"background-color":"var(--ast-global-color-5)","background-image":"","background-repeat":"repeat","background-position":"center center","background-size":"auto","background-attachment":"scroll","background-type":"","background-media":"","overlay-type":"","overlay-color":"","overlay-gradient":""},"mobile":{"background-color":"var(--ast-global-color-5)","background-image":"","background-repeat":"repeat","background-position":"center center","background-size":"auto","background-attachment":"scroll","background-type":"","background-media":"","overlay-type":"","overlay-color":"","overlay-gradient":""}},"footnotes":""},"class_list":["post-1204","page","type-page","status-publish","hentry"],"acf":[],"_links":{"self":[{"href":"https:\/\/dev1102.vintes24.xyz\/de\/wp-json\/wp\/v2\/pages\/1204","targetHints":{"allow":["GET"]}}],"collection":[{"href":"https:\/\/dev1102.vintes24.xyz\/de\/wp-json\/wp\/v2\/pages"}],"about":[{"href":"https:\/\/dev1102.vintes24.xyz\/de\/wp-json\/wp\/v2\/types\/page"}],"author":[{"embeddable":true,"href":"https:\/\/dev1102.vintes24.xyz\/de\/wp-json\/wp\/v2\/users\/2"}],"replies":[{"embeddable":true,"href":"https:\/\/dev1102.vintes24.xyz\/de\/wp-json\/wp\/v2\/comments?post=1204"}],"version-history":[{"count":68,"href":"https:\/\/dev1102.vintes24.xyz\/de\/wp-json\/wp\/v2\/pages\/1204\/revisions"}],"predecessor-version":[{"id":1916,"href":"https:\/\/dev1102.vintes24.xyz\/de\/wp-json\/wp\/v2\/pages\/1204\/revisions\/1916"}],"wp:attachment":[{"href":"https:\/\/dev1102.vintes24.xyz\/de\/wp-json\/wp\/v2\/media?parent=1204"}],"curies":[{"name":"wp","href":"https:\/\/api.w.org\/{rel}","templated":true}]}}